{"id":107,"date":"2025-10-19T13:14:24","date_gmt":"2025-10-19T11:14:24","guid":{"rendered":"https:\/\/revita-hanfkontor.de\/en\/?page_id=107"},"modified":"2025-10-19T13:18:21","modified_gmt":"2025-10-19T11:18:21","slug":"legal-notice","status":"publish","type":"page","link":"https:\/\/revita-hanfkontor.de\/en\/legal-notice\/","title":{"rendered":"Legal Notice"},"content":{"rendered":"<p>[et_pb_section fb_built=&#8221;1&#8243; next_background_color=&#8221;#ffffff&#8221; admin_label=&#8221;Header&#8221; _builder_version=&#8221;4.27.4&#8243; _module_preset=&#8221;default&#8221; background_color=&#8221;#0DA0C5&#8243; background_image=&#8221;http:\/\/revita-hanfkontor.de\/en\/wp-content\/uploads\/sites\/2\/2025\/10\/Legal-Notice.png&#8221; parallax=&#8221;on&#8221; min_height=&#8221;600px&#8221; height=&#8221;600px&#8221; max_height=&#8221;600px&#8221; custom_margin=&#8221;0px||||false|false&#8221; custom_padding=&#8221;||||false|false&#8221; bottom_divider_style=&#8221;wave&#8221; bottom_divider_height=&#8221;12vw&#8221; bottom_divider_flip=&#8221;vertical&#8221; hover_enabled=&#8221;0&#8243; da_disable_devices=&#8221;off|off|off&#8221; global_colors_info=&#8221;{}&#8221; title_text=&#8221;Legal Notice&#8221; sticky_enabled=&#8221;0&#8243; da_is_popup=&#8221;off&#8221; da_exit_intent=&#8221;off&#8221; da_has_close=&#8221;on&#8221; da_alt_close=&#8221;off&#8221; da_dark_close=&#8221;off&#8221; da_not_modal=&#8221;on&#8221; da_is_singular=&#8221;off&#8221; da_with_loader=&#8221;off&#8221; da_has_shadow=&#8221;on&#8221;][et_pb_row column_structure=&#8221;1_4,3_4&#8243; use_custom_gutter=&#8221;on&#8221; gutter_width=&#8221;1&#8243; make_equal=&#8221;on&#8221; _builder_version=&#8221;4.27.4&#8243; _module_preset=&#8221;default&#8221; height=&#8221;240px&#8221; custom_margin=&#8221;3%||||false|false&#8221; locked=&#8221;off&#8221; global_colors_info=&#8221;{}&#8221;][et_pb_column type=&#8221;1_4&#8243; _builder_version=&#8221;4.27.4&#8243; _module_preset=&#8221;default&#8221; background_color=&#8221;rgba(0,0,0,0.4)&#8221; custom_padding=&#8221;2%|||2%|false|false&#8221; custom_padding_tablet=&#8221;0px||||false|false&#8221; custom_padding_phone=&#8221;&#8221; custom_padding_last_edited=&#8221;on|desktop&#8221; global_colors_info=&#8221;{}&#8221;][et_pb_image src=&#8221;https:\/\/revita-hanfkontor.de\/en\/wp-content\/uploads\/sites\/2\/2025\/10\/Revita-Hanfkontor-Icon-Weiss.png&#8221; title_text=&#8221;Revita Hanfkontor Icon Weiss&#8221; align=&#8221;center&#8221; _builder_version=&#8221;4.27.4&#8243; _module_preset=&#8221;default&#8221; width=&#8221;70%&#8221; custom_margin=&#8221;||||true|false&#8221; custom_padding=&#8221;||||true|false&#8221; global_colors_info=&#8221;{}&#8221;][\/et_pb_image][et_pb_image title_text=&#8221;pet-shop-29&#8243; align=&#8221;right&#8221; _builder_version=&#8221;4.17.6&#8243; _module_preset=&#8221;default&#8221; max_height_tablet=&#8221;400px&#8221; max_height_phone=&#8221;&#8221; max_height_last_edited=&#8221;on|tablet&#8221; global_colors_info=&#8221;{}&#8221;][\/et_pb_image][\/et_pb_column][et_pb_column type=&#8221;3_4&#8243; _builder_version=&#8221;4.27.4&#8243; _module_preset=&#8221;default&#8221; background_color=&#8221;rgba(0,0,0,0.4)&#8221; custom_padding=&#8221;2%|||2%|false|false&#8221; custom_padding_tablet=&#8221;0px||||false|false&#8221; custom_padding_phone=&#8221;&#8221; custom_padding_last_edited=&#8221;on|desktop&#8221; global_colors_info=&#8221;{}&#8221;][et_pb_text _builder_version=&#8221;4.27.4&#8243; _module_preset=&#8221;default&#8221; header_font=&#8221;|600|||||||&#8221; header_text_align=&#8221;left&#8221; header_text_color=&#8221;#FFFFFF&#8221; header_font_size=&#8221;3em&#8221; header_line_height=&#8221;1.3em&#8221; header_2_font=&#8221;|600|||||||&#8221; header_2_font_size=&#8221;30px&#8221; header_2_line_height=&#8221;1.3em&#8221; custom_margin=&#8221;2%||||false|false&#8221; custom_padding=&#8221;||||false|false&#8221; header_text_align_tablet=&#8221;left&#8221; header_text_align_phone=&#8221;center&#8221; header_text_align_last_edited=&#8221;on|phone&#8221; header_text_color_last_edited=&#8221;off|phone&#8221; header_font_size_tablet=&#8221;3em&#8221; header_font_size_phone=&#8221;2.6em&#8221; header_font_size_last_edited=&#8221;on|desktop&#8221; global_colors_info=&#8221;{}&#8221;]<\/p>\n<h1>Legal Notice<\/h1>\n<p>[\/et_pb_text][\/et_pb_column][\/et_pb_row][\/et_pb_section][et_pb_section fb_built=&#8221;1&#8243; admin_label=&#8221;CTA&#8221; _builder_version=&#8221;4.27.4&#8243; _module_preset=&#8221;default&#8221; custom_margin=&#8221;1%||2%||false|false&#8221; custom_padding=&#8221;0px||100px||false|false&#8221; da_disable_devices=&#8221;off|off|off&#8221; locked=&#8221;off&#8221; global_colors_info=&#8221;{}&#8221; da_is_popup=&#8221;off&#8221; da_exit_intent=&#8221;off&#8221; da_has_close=&#8221;on&#8221; da_alt_close=&#8221;off&#8221; da_dark_close=&#8221;off&#8221; da_not_modal=&#8221;on&#8221; da_is_singular=&#8221;off&#8221; da_with_loader=&#8221;off&#8221; da_has_shadow=&#8221;on&#8221;][et_pb_row column_structure=&#8221;1_3,2_3&#8243; use_custom_gutter=&#8221;on&#8221; make_equal=&#8221;on&#8221; _builder_version=&#8221;4.27.4&#8243; _module_preset=&#8221;default&#8221; max_width=&#8221;1540px&#8221; min_height=&#8221;349.2px&#8221; custom_margin=&#8221;||||false|false&#8221; custom_padding=&#8221;||0px|0px|false|false&#8221; locked=&#8221;off&#8221; global_colors_info=&#8221;{}&#8221;][et_pb_column type=&#8221;1_3&#8243; _builder_version=&#8221;4.16&#8243; _module_preset=&#8221;default&#8221; global_colors_info=&#8221;{}&#8221;][et_pb_text _builder_version=&#8221;4.27.4&#8243; _module_preset=&#8221;default&#8221; header_2_font=&#8221;|600|||||||&#8221; header_2_line_height=&#8221;1.3em&#8221; custom_margin=&#8221;1%||||false|false&#8221; custom_padding=&#8221;|||1%|false|false&#8221; global_colors_info=&#8221;{}&#8221;]<\/p>\n<h2>Information pursuant to \u00a7 5 DDG-E (Digital Services Act \u2013 Germany):<\/h2>\n<p>[\/et_pb_text][\/et_pb_column][et_pb_column type=&#8221;2_3&#8243; _builder_version=&#8221;4.16&#8243; _module_preset=&#8221;default&#8221; global_colors_info=&#8221;{}&#8221;][et_pb_text _builder_version=&#8221;4.27.4&#8243; _module_preset=&#8221;default&#8221; header_2_font=&#8221;|600|||||||&#8221; custom_margin=&#8221;0.1%||||false|false&#8221; global_colors_info=&#8221;{}&#8221;]Revita Hanfkontor GmbH<br \/>\nLiebenwalder Str. 33<br \/>\n13347 Berlin<\/p>\n<p>Commercial Register: HRB 242903 B<br \/>\nRegister Court: Local Court of Charlottenburg (Berlin)<\/p>\n<p><strong>Represented by:<\/strong><br \/>\nTarik Mustafa<br \/>\nMartin Wittau<\/p>\n<p>Each Managing Director is authorized to represent the company individually.<\/p>\n<h2>Contact<\/h2>\n<p>Telephone: +49 (0) 30 6444 3128<br \/>\nE-Mail: e-post@revita-hanfkontor.de<\/p>\n<h2>VAT ID<\/h2>\n<p>Umsatzsteuer-Identifikationsnummer gem\u00e4\u00df \u00a7 27 a Umsatzsteuergesetz:<br \/>\nDE355562028<\/p>\n<h2>Editorial Responsibility<\/h2>\n<p>Revita Hanfkontor GmbH<br \/>\nLiebenwalder Str. 33<br \/>\n13347 Berlin<\/p>\n<h2>Consumer Dispute Resolution \/ Universal Arbitration Board<\/h2>\n<p>We participate in a dispute resolution procedure before a consumer arbitration board.<br \/>\nThe competent authority is the Universal Arbitration Board of the Zentrum f\u00fcr Schlichtung e.V., Stra\u00dfburger Stra\u00dfe 8, 77694 Kehl am Rhein, Germany (<strong><a href=\"https:\/\/www.verbraucher-schlichter.de\" rel=\"noopener noreferrer\" target=\"_blank\">https:\/\/www.verbraucher-schlichter.de<\/a><\/strong>).[\/et_pb_text][\/et_pb_column][\/et_pb_row][et_pb_row column_structure=&#8221;1_3,1_3,1_3&#8243; use_custom_gutter=&#8221;on&#8221; make_equal=&#8221;on&#8221; _builder_version=&#8221;4.20.0&#8243; _module_preset=&#8221;default&#8221; background_color=&#8221;#efefef&#8221; max_width=&#8221;1540px&#8221; min_height=&#8221;678px&#8221; custom_margin=&#8221;19px|auto||auto|false|false&#8221; custom_padding=&#8221;3px||3px||false|false&#8221; locked=&#8221;off&#8221; global_colors_info=&#8221;{}&#8221;][et_pb_column type=&#8221;1_3&#8243; _builder_version=&#8221;4.16&#8243; _module_preset=&#8221;default&#8221; global_colors_info=&#8221;{}&#8221;][et_pb_text _builder_version=&#8221;4.27.4&#8243; _module_preset=&#8221;default&#8221; header_2_font=&#8221;|600|||||||&#8221; custom_margin=&#8221;1%||||false|false&#8221; custom_padding=&#8221;|||1%|false|false&#8221; global_colors_info=&#8221;{}&#8221;]<\/p>\n<h2>Disclaimer:<\/h2>\n<p>[\/et_pb_text][\/et_pb_column][et_pb_column type=&#8221;1_3&#8243; _builder_version=&#8221;4.17.6&#8243; _module_preset=&#8221;default&#8221; background_enable_color=&#8221;off&#8221; global_colors_info=&#8221;{}&#8221;][et_pb_text _builder_version=&#8221;4.27.4&#8243; _module_preset=&#8221;default&#8221; custom_margin=&#8221;||||false|false&#8221; custom_padding=&#8221;||2%||false|false&#8221; global_colors_info=&#8221;{}&#8221;]<span style=\"text-decoration: underline;\">Liability for Content<\/span><br \/>\nThe contents of our website have been created with the greatest care. However, we cannot guarantee the accuracy, completeness, or timeliness of the information provided. As a service provider, we are responsible for our own content on these pages in accordance with \u00a7 7 (1) of the German Telemedia Act (TMG) and general legal provisions. According to \u00a7\u00a7 8 to 10 TMG, we are, however, not obliged to monitor transmitted or stored third-party information or to investigate circumstances indicating illegal activity. Obligations to remove or block the use of information in accordance with general legal provisions remain unaffected. Liability in this respect is, however, only possible from the time we become aware of a specific legal infringement. Upon becoming aware of such violations, we will remove the content concerned immediately.<\/p>\n<p><span style=\"text-decoration: underline;\">Liability for Links<\/span><br \/>\nOur website contains links to external websites of third parties, over whose content we have no control. Therefore, we cannot assume any liability for such third-party content. The respective provider or operator of the linked pages is always responsible for their content. The linked pages were checked for possible legal violations at the time of linking. No unlawful content was recognizable at that time. However, permanent content monitoring of the linked pages is not reasonable without concrete evidence of a legal violation. Upon notification of infringements, we will remove such links immediately.[\/et_pb_text][\/et_pb_column][et_pb_column type=&#8221;1_3&#8243; _builder_version=&#8221;4.16&#8243; _module_preset=&#8221;default&#8221; global_colors_info=&#8221;{}&#8221;][et_pb_text _builder_version=&#8221;4.27.4&#8243; _module_preset=&#8221;default&#8221; custom_margin=&#8221;||||false|false&#8221; custom_padding=&#8221;|||2%|false|false&#8221; global_colors_info=&#8221;{}&#8221;]<span style=\"text-decoration: underline;\">Copyright<\/span><br \/>\nThe content and works created by the website operators on these pages are subject to German copyright law. Reproduction, editing, distribution, or any kind of exploitation outside the limits of copyright law requires the prior written consent of the respective author or creator. Downloads and copies of this site are permitted only for private, non-commercial use. Where the content on this site was not created by the operator, the copyrights of third parties are respected. In particular, third-party content is marked as such. If you nevertheless become aware of a copyright infringement, please notify us accordingly. Upon notification of violations, we will remove such content immediately.[\/et_pb_text][\/et_pb_column][\/et_pb_row][\/et_pb_section]<\/p>\n","protected":false},"excerpt":{"rendered":"<p>Legal NoticeInformation pursuant to \u00a7 5 DDG-E (Digital Services Act \u2013 Germany):Revita Hanfkontor GmbH Liebenwalder Str. 33 13347 Berlin Commercial Register: HRB 242903 B Register Court: Local Court of Charlottenburg (Berlin) Represented by: Tarik Mustafa Martin Wittau Each Managing Director is authorized to represent the company individually. Contact Telephone: +49 (0) 30 6444 3128 E-Mail: [&hellip;]<\/p>\n","protected":false},"author":1,"featured_media":0,"parent":0,"menu_order":0,"comment_status":"closed","ping_status":"closed","template":"","meta":{"_et_pb_use_builder":"on","_et_pb_old_content":"","_et_gb_content_width":"","footnotes":""},"class_list":["post-107","page","type-page","status-publish","hentry"],"yoast_head":"<!-- This site is optimized with the Yoast SEO plugin v27.5 - https:\/\/yoast.com\/product\/yoast-seo-wordpress\/ -->\n<title>Legal Notice - Revita Hanfkontor GmbH - The Trading House for Hemp Products<\/title>\n<meta name=\"description\" content=\"Legal Notice of Revita Hanfkontor GmbH, Berlin \u2013 Company details, legal information, and responsible contacts under \u00a75 DDG-E.\" \/>\n<meta name=\"robots\" content=\"index, follow, max-snippet:-1, max-image-preview:large, max-video-preview:-1\" \/>\n<link rel=\"canonical\" href=\"https:\/\/revita-hanfkontor.de\/en\/legal-notice\/\" \/>\n<meta property=\"og:locale\" content=\"en_GB\" \/>\n<meta property=\"og:type\" content=\"article\" \/>\n<meta property=\"og:title\" content=\"Legal Notice - Revita Hanfkontor GmbH - The Trading House for Hemp Products\" \/>\n<meta property=\"og:description\" content=\"Legal Notice of Revita Hanfkontor GmbH, Berlin \u2013 Company details, legal information, and responsible contacts under \u00a75 DDG-E.\" \/>\n<meta property=\"og:url\" content=\"https:\/\/revita-hanfkontor.de\/en\/legal-notice\/\" \/>\n<meta property=\"og:site_name\" content=\"Revita Hanfkontor GmbH - The Trading House for Hemp Products\" \/>\n<meta property=\"article:modified_time\" content=\"2025-10-19T11:18:21+00:00\" \/>\n<meta name=\"twitter:card\" content=\"summary_large_image\" \/>\n<meta name=\"twitter:label1\" content=\"Estimated reading time\" \/>\n\t<meta name=\"twitter:data1\" content=\"3 minutes\" \/>\n<script type=\"application\/ld+json\" class=\"yoast-schema-graph\">{\"@context\":\"https:\\\/\\\/schema.org\",\"@graph\":[{\"@type\":\"WebPage\",\"@id\":\"https:\\\/\\\/revita-hanfkontor.de\\\/en\\\/legal-notice\\\/\",\"url\":\"https:\\\/\\\/revita-hanfkontor.de\\\/en\\\/legal-notice\\\/\",\"name\":\"Legal Notice - Revita Hanfkontor GmbH - The Trading House for Hemp Products\",\"isPartOf\":{\"@id\":\"https:\\\/\\\/revita-hanfkontor.de\\\/en\\\/#website\"},\"datePublished\":\"2025-10-19T11:14:24+00:00\",\"dateModified\":\"2025-10-19T11:18:21+00:00\",\"description\":\"Legal Notice of Revita Hanfkontor GmbH, Berlin \u2013 Company details, legal information, and responsible contacts under \u00a75 DDG-E.\",\"breadcrumb\":{\"@id\":\"https:\\\/\\\/revita-hanfkontor.de\\\/en\\\/legal-notice\\\/#breadcrumb\"},\"inLanguage\":\"en-GB\",\"potentialAction\":[{\"@type\":\"ReadAction\",\"target\":[\"https:\\\/\\\/revita-hanfkontor.de\\\/en\\\/legal-notice\\\/\"]}]},{\"@type\":\"BreadcrumbList\",\"@id\":\"https:\\\/\\\/revita-hanfkontor.de\\\/en\\\/legal-notice\\\/#breadcrumb\",\"itemListElement\":[{\"@type\":\"ListItem\",\"position\":1,\"name\":\"Startseite\",\"item\":\"https:\\\/\\\/revita-hanfkontor.de\\\/en\\\/\"},{\"@type\":\"ListItem\",\"position\":2,\"name\":\"Legal Notice\"}]},{\"@type\":\"WebSite\",\"@id\":\"https:\\\/\\\/revita-hanfkontor.de\\\/en\\\/#website\",\"url\":\"https:\\\/\\\/revita-hanfkontor.de\\\/en\\\/\",\"name\":\"Revita Hanfkontor GmbH - The Trading House for Hemp Products\",\"description\":\"\",\"potentialAction\":[{\"@type\":\"SearchAction\",\"target\":{\"@type\":\"EntryPoint\",\"urlTemplate\":\"https:\\\/\\\/revita-hanfkontor.de\\\/en\\\/?s={search_term_string}\"},\"query-input\":{\"@type\":\"PropertyValueSpecification\",\"valueRequired\":true,\"valueName\":\"search_term_string\"}}],\"inLanguage\":\"en-GB\"}]}<\/script>\n<!-- \/ Yoast SEO plugin. -->","yoast_head_json":{"title":"Legal Notice - Revita Hanfkontor GmbH - The Trading House for Hemp Products","description":"Legal Notice of Revita Hanfkontor GmbH, Berlin \u2013 Company details, legal information, and responsible contacts under \u00a75 DDG-E.","robots":{"index":"index","follow":"follow","max-snippet":"max-snippet:-1","max-image-preview":"max-image-preview:large","max-video-preview":"max-video-preview:-1"},"canonical":"https:\/\/revita-hanfkontor.de\/en\/legal-notice\/","og_locale":"en_GB","og_type":"article","og_title":"Legal Notice - Revita Hanfkontor GmbH - The Trading House for Hemp Products","og_description":"Legal Notice of Revita Hanfkontor GmbH, Berlin \u2013 Company details, legal information, and responsible contacts under \u00a75 DDG-E.","og_url":"https:\/\/revita-hanfkontor.de\/en\/legal-notice\/","og_site_name":"Revita Hanfkontor GmbH - The Trading House for Hemp Products","article_modified_time":"2025-10-19T11:18:21+00:00","twitter_card":"summary_large_image","twitter_misc":{"Estimated reading time":"3 minutes"},"schema":{"@context":"https:\/\/schema.org","@graph":[{"@type":"WebPage","@id":"https:\/\/revita-hanfkontor.de\/en\/legal-notice\/","url":"https:\/\/revita-hanfkontor.de\/en\/legal-notice\/","name":"Legal Notice - Revita Hanfkontor GmbH - The Trading House for Hemp Products","isPartOf":{"@id":"https:\/\/revita-hanfkontor.de\/en\/#website"},"datePublished":"2025-10-19T11:14:24+00:00","dateModified":"2025-10-19T11:18:21+00:00","description":"Legal Notice of Revita Hanfkontor GmbH, Berlin \u2013 Company details, legal information, and responsible contacts under \u00a75 DDG-E.","breadcrumb":{"@id":"https:\/\/revita-hanfkontor.de\/en\/legal-notice\/#breadcrumb"},"inLanguage":"en-GB","potentialAction":[{"@type":"ReadAction","target":["https:\/\/revita-hanfkontor.de\/en\/legal-notice\/"]}]},{"@type":"BreadcrumbList","@id":"https:\/\/revita-hanfkontor.de\/en\/legal-notice\/#breadcrumb","itemListElement":[{"@type":"ListItem","position":1,"name":"Startseite","item":"https:\/\/revita-hanfkontor.de\/en\/"},{"@type":"ListItem","position":2,"name":"Legal Notice"}]},{"@type":"WebSite","@id":"https:\/\/revita-hanfkontor.de\/en\/#website","url":"https:\/\/revita-hanfkontor.de\/en\/","name":"Revita Hanfkontor GmbH - The Trading House for Hemp Products","description":"","potentialAction":[{"@type":"SearchAction","target":{"@type":"EntryPoint","urlTemplate":"https:\/\/revita-hanfkontor.de\/en\/?s={search_term_string}"},"query-input":{"@type":"PropertyValueSpecification","valueRequired":true,"valueName":"search_term_string"}}],"inLanguage":"en-GB"}]}},"_links":{"self":[{"href":"https:\/\/revita-hanfkontor.de\/en\/wp-json\/wp\/v2\/pages\/107","targetHints":{"allow":["GET"]}}],"collection":[{"href":"https:\/\/revita-hanfkontor.de\/en\/wp-json\/wp\/v2\/pages"}],"about":[{"href":"https:\/\/revita-hanfkontor.de\/en\/wp-json\/wp\/v2\/types\/page"}],"author":[{"embeddable":true,"href":"https:\/\/revita-hanfkontor.de\/en\/wp-json\/wp\/v2\/users\/1"}],"replies":[{"embeddable":true,"href":"https:\/\/revita-hanfkontor.de\/en\/wp-json\/wp\/v2\/comments?post=107"}],"version-history":[{"count":6,"href":"https:\/\/revita-hanfkontor.de\/en\/wp-json\/wp\/v2\/pages\/107\/revisions"}],"predecessor-version":[{"id":118,"href":"https:\/\/revita-hanfkontor.de\/en\/wp-json\/wp\/v2\/pages\/107\/revisions\/118"}],"wp:attachment":[{"href":"https:\/\/revita-hanfkontor.de\/en\/wp-json\/wp\/v2\/media?parent=107"}],"curies":[{"name":"wp","href":"https:\/\/api.w.org\/{rel}","templated":true}]}}